{"id":687,"date":"2022-05-17T13:17:35","date_gmt":"2022-05-17T11:17:35","guid":{"rendered":"https:\/\/idays.webs.upv.es\/?page_id=687"},"modified":"2023-10-24T11:52:27","modified_gmt":"2023-10-24T09:52:27","slug":"i-days-2021","status":"publish","type":"page","link":"https:\/\/idays.webs.upv.es\/ca\/i-days-2021\/","title":{"rendered":"i-Days 2021"},"content":{"rendered":"<p>[vc_row][vc_column][vc_empty_space height=&#8221;50px&#8221;][\/vc_column][\/vc_row][vc_row section_content_width=&#8221;container-fullwidth&#8221; css=&#8221;.vc_custom_1634595994051{padding-top: 0px !important;}&#8221;][vc_column][vc_empty_space][tt_carousels navigation=&#8221;nav-disable&#8221; slider_loop=&#8221;loop-false&#8221; auto_paly=&#8221;autoplay-false&#8221; mouse_drag=&#8221;mousedrag-false&#8221; css=&#8221;.vc_custom_1634596451778{margin-bottom: 0px !important;padding-bottom: 0px !important;}&#8221;][tt_carousel content-max-width=&#8221;max-width-50&#8243; title=&#8221;Concurs d&#8217;estudiants per a abordar els reptes de la salut&#8221; button_visibility=&#8221;hidden&#8221; image-position=&#8221;img-right-center&#8221; image-visibility=&#8221;hidden-sm&#8221; image_ani_delay=&#8221;delay-200&#8243; intro-title=&#8221;INNOVATION DAYS&#8221; img_custom_right=&#8221;150px&#8221; title-intro-color=&#8221;#ffffff&#8221; title-font-color=&#8221;#ffffff&#8221; content-font-color=&#8221;#ffffff&#8221; css=&#8221;.vc_custom_1652868185270{background-color: #02186b !important;}&#8221; title-font-size=&#8221;55px&#8221; content_padding_right=&#8221;50px&#8221;]5-6 novembre 2021[\/tt_carousel][tt_carousel content_alignment=&#8221;text-center&#8221; content-max-width=&#8221;max-width-50&#8243; title=&#8221;&#8221; content_visibility=&#8221;hidden&#8221; button_visibility=&#8221;hidden&#8221; image-position=&#8221;img-right-center&#8221; image-visibility=&#8221;hidden-xs hidden-sm&#8221; image_ani_delay=&#8221;delay-200&#8243; img_custom_right=&#8221;150px&#8221; title-intro-color=&#8221;#ffffff&#8221; title-font-color=&#8221;#ffffff&#8221; css=&#8221;.vc_custom_1652872402483{background-color: #02186b !important;}&#8221; title-font-size=&#8221;55px&#8221; extra_image=&#8221;669&#8243; slider_image=&#8221;826&#8243;][\/tt_carousel][\/tt_carousels][vc_empty_space height=&#8221;60px&#8221;][\/vc_column][\/vc_row][vc_row css=&#8221;.vc_custom_1634595480874{padding-top: 0px !important;padding-bottom: 0px !important;background-position: center !important;background-repeat: no-repeat !important;background-size: cover !important;}&#8221; el_id=&#8221;about-us&#8221;][vc_column css=&#8221;.vc_custom_1634593150826{padding-right: 30px !important;}&#8221;][vc_column_text]<\/p>\n<p class=\"p1\" style=\"text-align: center;\"><span style=\"color: #ffffff;\">Els estudiants de totes les \u00e0rees acad\u00e8miques van rebre una introducci\u00f3 a les eines pr\u00e0ctiques d&#8217;innovaci\u00f3 sanit\u00e0ria i van competir en equips per a abordar els reptes sanitaris de la vida real plantejats per EIT Health, organitzacions locals, corporacions privades o empreses de nova creaci\u00f3. <\/span><\/p>\n<p>[\/vc_column_text][\/vc_column][\/vc_row][vc_row css=&#8221;.vc_custom_1635954998125{padding-top: 100px !important;}&#8221; el_id=&#8221;expertos&#8221;][vc_column width=&#8221;5\/6&#8243; offset=&#8221;vc_col-lg-offset-1 vc_col-md-offset-1&#8243;][tt_section_title title_alignment=&#8221;text-center&#8221; title_color_option=&#8221;custom-color&#8221; description_color_option=&#8221;custom-color&#8221; title=&#8221;Experts&#8221; title_color=&#8221;#ffffff&#8221; description_color=&#8221;#ffffff&#8221;]Durant la jornada es va tindre acc\u00e9s a experts de reconegut prestigi en diferents \u00e0rees amb qu\u00e8 vam poder reunir-nos i realitzar entrevistes de validaci\u00f3 d&#8217;idees a nivell t\u00e8cnic i estat de l&#8217;art.[\/tt_section_title][\/vc_column][\/vc_row][vc_row][vc_column width=&#8221;1\/5&#8243;][tt_team team_name=&#8221;Alberto Conejero&#8221; team_desig=&#8221;IA, modelos matem\u00e1ticos, Genoma&#8221; contact_no=&#8221;&#8221; title_color=&#8221;#ffffff&#8221; desig_color=&#8221;#eeee22&#8243;][\/vc_column][vc_column width=&#8221;1\/5&#8243;][tt_team team_name=&#8221;Paco Castells&#8221; team_desig=&#8221;Procesado de se\u00f1al, cardio, reconocimiento patrones&#8221; contact_no=&#8221;&#8221; title_color=&#8221;#ffffff&#8221; desig_color=&#8221;#eeee22&#8243;][\/vc_column][vc_column width=&#8221;1\/5&#8243;][tt_team team_name=&#8221;Antonio Cebri\u00e1n&#8221; team_desig=&#8221;Hardware, dispositivos m\u00e9dicos&#8221; contact_no=&#8221;&#8221; title_color=&#8221;#ffffff&#8221; desig_color=&#8221;#eeee22&#8243;][\/vc_column][vc_column width=&#8221;1\/5&#8243;][tt_team team_name=&#8221;Vicente Traver&#8221; team_desig=&#8221;Telemedicina, innovaci\u00f3n, TIC&#8221; contact_no=&#8221;&#8221; title_color=&#8221;#ffffff&#8221; desig_color=&#8221;#eeee22&#8243;][\/vc_column][vc_column width=&#8221;1\/5&#8243;][tt_team team_name=&#8221;Antonio Mart\u00ednez&#8221; team_desig=&#8221;Sensorizaci\u00f3n, eHealth&#8221; contact_no=&#8221;&#8221; title_color=&#8221;#ffffff&#8221; desig_color=&#8221;#eeee22&#8243;][\/vc_column][\/vc_row][vc_row][vc_column width=&#8221;1\/5&#8243;][tt_team team_name=&#8221;Sergio Milla&#8221; team_desig=&#8221;Programaci\u00f3n, Data Mining&#8221; contact_no=&#8221;&#8221; title_color=&#8221;#ffffff&#8221; desig_color=&#8221;#eeee22&#8243;][\/vc_column][vc_column width=&#8221;1\/5&#8243;][tt_team team_name=&#8221;Juan Besari&#8221; team_desig=&#8221;Blockchain, AI, VR&#8221; contact_no=&#8221;&#8221; title_color=&#8221;#ffffff&#8221; desig_color=&#8221;#eeee22&#8243;][\/vc_column][vc_column width=&#8221;1\/5&#8243;][tt_team team_name=&#8221;Maria M\u00e1rquez&#8221; team_desig=&#8221;Financiaci\u00f3n, modelos de negocio&#8221; contact_no=&#8221;&#8221; title_color=&#8221;#ffffff&#8221; desig_color=&#8221;#eeee22&#8243;][\/vc_column][vc_column width=&#8221;1\/5&#8243;][tt_team team_name=&#8221;Vicente J. Garc\u00eda G\u00f3mez&#8221; team_desig=&#8221;PM &amp; Healthcare IT Consultant (DEXTRO)&#8221; contact_no=&#8221;&#8221; title_color=&#8221;#ffffff&#8221; desig_color=&#8221;#eeee22&#8243;][\/vc_column][vc_column width=&#8221;1\/5&#8243;][tt_team team_name=&#8221;Angel Alberic&#8221; team_desig=&#8221;Quantitative Imaging , Financing QUIBIM&#8221; contact_no=&#8221;&#8221; title_color=&#8221;#ffffff&#8221; desig_color=&#8221;#eeee22&#8243;][\/vc_column][\/vc_row][vc_row][vc_column width=&#8221;1\/5&#8243;][tt_team team_name=&#8221;Antonio Alberola&#8221; team_desig=&#8221;Fisiolog\u00eda, Medicina&#8221; contact_no=&#8221;&#8221; title_color=&#8221;#ffffff&#8221; desig_color=&#8221;#eeee22&#8243;][\/vc_column][vc_column width=&#8221;1\/5&#8243;][tt_team team_name=&#8221;Silvia Trujillo&#8221; team_desig=&#8221;Enfermer\u00eda&#8221; contact_no=&#8221;&#8221; title_color=&#8221;#ffffff&#8221; desig_color=&#8221;#eeee22&#8243;][\/vc_column][vc_column width=&#8221;1\/5&#8243;][tt_team team_name=&#8221;Patricio Letelier&#8221; team_desig=&#8221;Agile Method, Software, Lean startup&#8221; contact_no=&#8221;&#8221; title_color=&#8221;#ffffff&#8221; desig_color=&#8221;#eeee22&#8243;][\/vc_column][vc_column width=&#8221;1\/5&#8243;][tt_team team_name=&#8221;Raquel Cervigon&#8221; team_desig=&#8221;Elderly assistance, signal processing&#8221; contact_no=&#8221;&#8221; title_color=&#8221;#ffffff&#8221; desig_color=&#8221;#eeee22&#8243;][\/vc_column][vc_column width=&#8221;1\/5&#8243;][tt_team team_name=&#8221;Yolanda Vives&#8221; team_desig=&#8221;Medical Imaging&#8221; contact_no=&#8221;&#8221; title_color=&#8221;#ffffff&#8221; desig_color=&#8221;#eeee22&#8243;][\/vc_column][\/vc_row][vc_row][vc_column][vc_empty_space][\/vc_column][\/vc_row][vc_row css=&#8221;.vc_custom_1634595710057{padding-top: 100px !important;}&#8221;][vc_column width=&#8221;5\/6&#8243; offset=&#8221;vc_col-lg-offset-1 vc_col-md-offset-1&#8243;][tt_section_title title_alignment=&#8221;text-center&#8221; title_color_option=&#8221;custom-color&#8221; description_color_option=&#8221;custom-color&#8221; title=&#8221;Mentors&#8221; title_color=&#8221;#ffffff&#8221; description_color=&#8221;#ffffff&#8221;][\/tt_section_title][\/vc_column][\/vc_row][vc_row][vc_column width=&#8221;1\/5&#8243;][tt_team team_name=&#8221;Salvador Vera&#8221; team_desig=&#8221;CEO Mysphera&#8221; contact_no=&#8221;&#8221; title_color=&#8221;#ffffff&#8221; desig_color=&#8221;#eeee22&#8243;][\/vc_column][vc_column width=&#8221;1\/5&#8243;][tt_team team_name=&#8221;Israel Griol&#8221; team_desig=&#8221;Business model, ideaci\u00f3n&#8221; contact_no=&#8221;&#8221; title_color=&#8221;#ffffff&#8221; desig_color=&#8221;#eeee22&#8243;][\/vc_column][vc_column width=&#8221;1\/5&#8243;][tt_team team_name=&#8221;Izan Segarra&#8221; team_desig=&#8221;Master en Telecomunicaciones&#8221; contact_no=&#8221;&#8221; title_color=&#8221;#ffffff&#8221; desig_color=&#8221;#eeee22&#8243;][\/vc_column][vc_column width=&#8221;1\/5&#8243;][tt_team team_name=&#8221;Lorena Pedr\u00f3s&#8221; team_desig=&#8221;IDEAS UPV&#8221; contact_no=&#8221;&#8221; title_color=&#8221;#ffffff&#8221; desig_color=&#8221;#eeee22&#8243;][\/vc_column][vc_column width=&#8221;1\/5&#8243;][tt_team team_name=&#8221;Alexandra Lucas&#8221; team_desig=&#8221;IDEAS UPV&#8221; contact_no=&#8221;&#8221; title_color=&#8221;#ffffff&#8221; desig_color=&#8221;#eeee22&#8243;][\/vc_column][\/vc_row][vc_row css=&#8221;.vc_custom_1634595710057{padding-top: 100px !important;}&#8221;][vc_column width=&#8221;5\/6&#8243; offset=&#8221;vc_col-lg-offset-1 vc_col-md-offset-1&#8243;][tt_section_title title_alignment=&#8221;text-center&#8221; title_color_option=&#8221;custom-color&#8221; description_color_option=&#8221;custom-color&#8221; title=&#8221;iDays manager&#8221; title_color=&#8221;#ffffff&#8221; description_color=&#8221;#ffffff&#8221; css=&#8221;.vc_custom_1635892968182{padding-bottom: 0px !important;}&#8221;][\/tt_section_title][\/vc_column][\/vc_row][vc_row css=&#8221;.vc_custom_1635893032916{padding-top: 0px !important;padding-bottom: 0px !important;}&#8221;][vc_column width=&#8221;1\/5&#8243;][\/vc_column][vc_column width=&#8221;1\/5&#8243;][\/vc_column][vc_column width=&#8221;1\/5&#8243;][tt_team team_name=&#8221;Oscar Morant&#8221; team_desig=&#8221;IDEAS UPV&#8221; contact_no=&#8221;&#8221; title_color=&#8221;#ffffff&#8221; desig_color=&#8221;#eeee22&#8243;][\/vc_column][vc_column width=&#8221;1\/5&#8243;][\/vc_column][vc_column width=&#8221;1\/5&#8243;][\/vc_column][\/vc_row][vc_row][vc_column][vc_empty_space][\/vc_column][\/vc_row][vc_row css=&#8221;.vc_custom_1652867912066{padding-top: 50px !important;padding-bottom: 100px !important;}&#8221; el_id=&#8221;premis&#8221;][vc_column][tt_section_title title_alignment=&#8221;text-center&#8221; title_color_option=&#8221;custom-color&#8221; description_color_option=&#8221;custom-color&#8221; title=&#8221;Premis&#8221; title_color=&#8221;#ffffff&#8221; description_color=&#8221;#ffffff&#8221;]L&#8217;equip guanyador recibi\u00f3 <strong>una tablet Samsung<\/strong> per a cada un dels seus components, a m\u00e9s va haver-hi un segon premi en forma de <strong>cheques regal d&#8217;Amazon<\/strong>, ambd\u00f3s premis patrocinats per <strong>Dextro<\/strong>.<\/p>\n<p><strong>Premi de l&#8217;audi\u00e8ncia al millor Pitch<\/strong>, consistent en un casc de Closca, patrocinat per <strong>Ideas UPV<\/strong><\/p>\n<p><strong>L&#8217;equip guanyador dels Innovation Days UPV 2021<\/strong> participe en el Winner&#8217;s Event, esdeveniment a nivell europeu on va competir amb els guanyadors de cada una de les seus dels iDays 2021 a Europa, rebent formaci\u00f3 en distintes \u00e0rees i amb la possibilitat de guanyar fant\u00e0stics premis:<\/p>\n<p>1r premi: Viatge per a l&#8217;equip a l&#8217;EIT Health Summit 2022 al maig celebrado en Estocolm (Su\u00e8cia) + mentoring EIT Health per a accelerar el seu projecte<\/p>\n<p>2n premi: Viatge a un dels EIT Health alumni events 2022 a Europa + mentoring EIT Health per a accelerar el seu projecte<\/p>\n<p>3r premi: Microsoft for Startups &#8220;est\u00e0rters pack&#8221; + mentoring EIT Health per a accelerar el seu projecte[\/tt_section_title][vc_video link=&#8221;https:\/\/youtu.be\/o40dY3Uiv3o&#8221; el_width=&#8221;60&#8243; align=&#8221;center&#8221;][tt_section_title title_alignment=&#8221;text-center&#8221; title_color_option=&#8221;custom-color&#8221; title=&#8221;Organitza&#8221; title_color=&#8221;#ffffff&#8221; css=&#8221;.vc_custom_1652868012493{margin-bottom: 80px !important;}&#8221;][\/tt_section_title][vc_single_image image=&#8221;408&#8243; img_size=&#8221;full&#8221; alignment=&#8221;center&#8221;][tt_section_title title_alignment=&#8221;text-center&#8221; title_color_option=&#8221;custom-color&#8221; title=&#8221;Patrocinadors&#8221; title_color=&#8221;#ffffff&#8221; css=&#8221;.vc_custom_1652868046061{margin-bottom: 80px !important;}&#8221;][\/tt_section_title][vc_single_image image=&#8221;616&#8243; img_size=&#8221;full&#8221; alignment=&#8221;center&#8221;][\/vc_column][\/vc_row][vc_row css=&#8221;.vc_custom_1634595830954{padding-top: 50px !important;padding-bottom: 100px !important;}&#8221;][vc_column css=&#8221;.vc_custom_1635892599092{padding-top: 0px !important;}&#8221;][tt_section_title title_alignment=&#8221;text-center&#8221; title_color_option=&#8221;custom-color&#8221; title=&#8221;Col\u00b7labora&#8221; title_color=&#8221;#ffffff&#8221; css=&#8221;.vc_custom_1652868087588{margin-bottom: 80px !important;}&#8221;][\/tt_section_title][vc_single_image image=&#8221;612&#8243; img_size=&#8221;full&#8221; alignment=&#8221;center&#8221;][\/vc_column][\/vc_row][vc_column][\/vc_column]<\/p>\n","protected":false},"excerpt":{"rendered":"<p>[vc_row][vc_column][vc_empty_space height=&#8221;50px&#8221;][\/vc_column][\/vc_row][vc_row section_content_width=&#8221;container-fullwidth&#8221; css=&#8221;.vc_custom_1634595994051{padding-top: 0px !important;}&#8221;][vc_column][vc_empty_space][tt_carousels navigation=&#8221;nav-disable&#8221; slider_loop=&#8221;loop-false&#8221; auto_paly=&#8221;autoplay-false&#8221; mouse_drag=&#8221;mousedrag-false&#8221; css=&#8221;.vc_custom_1634596451778{margin-bottom: 0px !important;padding-bottom: 0px !important;}&#8221;][tt_carousel [&hellip;]<\/p>\n","protected":false},"author":4,"featured_media":0,"parent":0,"menu_order":0,"comment_status":"closed","ping_status":"open","template":"page-templates\/template-vc.php","meta":{"footnotes":""},"class_list":["post-687","page","type-page","status-publish","hentry"],"_links":{"self":[{"href":"https:\/\/idays.webs.upv.es\/ca\/wp-json\/wp\/v2\/pages\/687","targetHints":{"allow":["GET"]}}],"collection":[{"href":"https:\/\/idays.webs.upv.es\/ca\/wp-json\/wp\/v2\/pages"}],"about":[{"href":"https:\/\/idays.webs.upv.es\/ca\/wp-json\/wp\/v2\/types\/page"}],"author":[{"embeddable":true,"href":"https:\/\/idays.webs.upv.es\/ca\/wp-json\/wp\/v2\/users\/4"}],"replies":[{"embeddable":true,"href":"https:\/\/idays.webs.upv.es\/ca\/wp-json\/wp\/v2\/comments?post=687"}],"version-history":[{"count":23,"href":"https:\/\/idays.webs.upv.es\/ca\/wp-json\/wp\/v2\/pages\/687\/revisions"}],"predecessor-version":[{"id":1504,"href":"https:\/\/idays.webs.upv.es\/ca\/wp-json\/wp\/v2\/pages\/687\/revisions\/1504"}],"wp:attachment":[{"href":"https:\/\/idays.webs.upv.es\/ca\/wp-json\/wp\/v2\/media?parent=687"}],"curies":[{"name":"wp","href":"https:\/\/api.w.org\/{rel}","templated":true}]}}